{"id":2356,"date":"2025-01-06T01:52:10","date_gmt":"2025-01-06T01:52:10","guid":{"rendered":"https:\/\/zenithgroup.az\/abraziv-m%c9%99hsullari\/"},"modified":"2025-02-02T22:58:05","modified_gmt":"2025-02-02T22:58:05","slug":"fireproof-products","status":"publish","type":"page","link":"https:\/\/zenithgroup.az\/en\/fireproof-products\/","title":{"rendered":"Fireproof products"},"content":{"rendered":"<div data-elementor-type=\"wp-page\" data-elementor-id=\"2356\" class=\"elementor elementor-2356\" data-elementor-post-type=\"page\">\n\t\t\t\t<div class=\"elementor-element elementor-element-7ece4d86 e-flex e-con-boxed e-con e-parent\" data-id=\"7ece4d86\" data-element_type=\"container\">\n\t\t\t\t\t<div class=\"e-con-inner\">\n\t\t<div class=\"elementor-element elementor-element-2a20689f e-con-full e-flex e-con e-child\" data-id=\"2a20689f\" data-element_type=\"container\">\n\t\t<div class=\"elementor-element elementor-element-4a35ac72 e-con-full e-flex e-con e-child\" data-id=\"4a35ac72\" data-element_type=\"container\">\n\t\t\t\t<nav class=\"elementor-element elementor-element-155593f7 elementor-widget elementor-widget-lqd-menu lqd-widget-container-flex lqd-widget-container-items-center\" data-id=\"155593f7\" data-element_type=\"widget\" data-widget_type=\"lqd-menu.default\" data-lqd-menu-dropdown-position-applied=\"false\">\n\t\t\t\t<div class=\"elementor-widget-container\">\n\t\t\t\t\t\n\t\t<button class=\"lqd-trigger lqd-togglable-trigger items-center bg-transparent border-none p-0 flex transition-all\">\n\t\t\t\t\t\t\t\t\t<\/button>\n\n\t\t<div class=\"lqd-menu-wrap [&amp;.lqd-is-active:flex] grow lqd-menu-dropdown-block\"><ul id=\"menu-portfolio\" class=\"lqd-menu-ul lqd-menu-ul-top flex items-center grow list-none transition-colors\"><li id=\"menu-item-2723\" class=\"menu-item menu-item-type-post_type menu-item-object-page lqd-menu-li relative lqd-menu-li-top menu-item-2723\"><a href=\"https:\/\/zenithgroup.az\/en\/abrasive-products\/\" class=\"lqd-menu-link flex items-center transition-all lqd-menu-link-top\">Abrasive products<\/a><\/li>\n<li id=\"menu-item-2728\" class=\"menu-item menu-item-type-post_type menu-item-object-page lqd-menu-li relative lqd-menu-li-top menu-item-2728\"><a href=\"https:\/\/zenithgroup.az\/en\/industrial-cables\/\" class=\"lqd-menu-link flex items-center transition-all lqd-menu-link-top\">Industrial cables<\/a><\/li>\n<li id=\"menu-item-2729\" class=\"menu-item menu-item-type-post_type menu-item-object-page lqd-menu-li relative lqd-menu-li-top menu-item-2729\"><a href=\"https:\/\/zenithgroup.az\/en\/industrial-pumps-motors\/\" class=\"lqd-menu-link flex items-center transition-all lqd-menu-link-top\">Industrial pumps and motors<\/a><\/li>\n<li id=\"menu-item-2724\" class=\"menu-item menu-item-type-post_type menu-item-object-page lqd-menu-li relative lqd-menu-li-top menu-item-2724\"><a href=\"https:\/\/zenithgroup.az\/en\/hydraulic-systems\/\" class=\"lqd-menu-link flex items-center transition-all lqd-menu-link-top\">Hydraulic systems<\/a><\/li>\n<li id=\"menu-item-2725\" class=\"menu-item menu-item-type-post_type menu-item-object-page lqd-menu-li relative lqd-menu-li-top menu-item-2725\"><a href=\"https:\/\/zenithgroup.az\/en\/cutting-tools\/\" class=\"lqd-menu-link flex items-center transition-all lqd-menu-link-top\">Cutting tools<\/a><\/li>\n<li id=\"menu-item-2726\" class=\"menu-item menu-item-type-post_type menu-item-object-page lqd-menu-li relative lqd-menu-li-top menu-item-2726\"><a href=\"https:\/\/zenithgroup.az\/en\/welding-products\/\" class=\"lqd-menu-link flex items-center transition-all lqd-menu-link-top\">Welding products<\/a><\/li>\n<li id=\"menu-item-2727\" class=\"menu-item menu-item-type-post_type menu-item-object-page lqd-menu-li relative lqd-menu-li-top menu-item-2727\"><a href=\"https:\/\/zenithgroup.az\/en\/industrial-automation-products\/\" class=\"lqd-menu-link flex items-center transition-all lqd-menu-link-top\">Industrial automation products<\/a><\/li>\n<li id=\"menu-item-2730\" class=\"menu-item menu-item-type-post_type menu-item-object-page lqd-menu-li relative lqd-menu-li-top menu-item-2730\"><a href=\"https:\/\/zenithgroup.az\/en\/lifting-equipment\/\" class=\"lqd-menu-link flex items-center transition-all lqd-menu-link-top\">Lifting equipment<\/a><\/li>\n<\/ul><\/div>\t\t\t\t<\/div>\n\t\t\t\t<\/nav>\n\t\t<script>\n\t\twindow.liquid.behaviors.push( {\n\t\t\tdataId: \"155593f7\",\n\t\t\tbehaviors:[\n\t\t\t\t{behaviorName:'liquidToggle',options:{disableOnTouch:false,changePropPrefix:'lqdMenuSubmenu-155593f7',ui:{togglableTriggers:'.menu-item-has-children',togglableElements:'.lqd-menu-dropdown'},triggerElements:['click @togglableTriggers']}},{behaviorName:'liquidDropdown'},{behaviorName:'liquidEffectsSlideToggle',options:{changePropPrefix:'lqdMenuSubmenu-155593f7'}},{behaviorName:'liquidToggle',options:{changePropPrefix:'lqdMenuMobileToggle-155593f7',ui:{togglableTriggers:'.lqd-dropdown-trigger',togglableElements:'.lqd-menu-dropdown'},triggerElements:['click @togglableTriggers']}},{behaviorName:'liquidEffectsSlideToggle',options:{changePropPrefix:'lqdMenuMobileToggle-155593f7',keepHiddenClassname:false}},{behaviorName:'liquidGetElementComputedStyles',options:{getRect:true,includeSelf:true}},{behaviorName:'liquidLocalScroll',options:{offset:null,ui:{links:'.lqd-menu-link-top'}}},\n\t\t\t]\n\t\t} );\n\t\t\n\t\t<\/script>\t\t<\/div>\n\t\t<div class=\"elementor-element elementor-element-2081e97e e-con-full e-flex e-con e-child\" data-id=\"2081e97e\" data-element_type=\"container\">\n\t\t\t\t<div class=\"elementor-element elementor-element-8373c78 lqd-box-separate-content-placement-start lqd-box-image-top elementor-widget elementor-widget-lqd-box lqd-widget-container-flex lqd-group-box\" data-id=\"8373c78\" data-element_type=\"widget\" data-widget_type=\"lqd-box.default\">\n\t\t\t\t<div class=\"elementor-widget-container\">\n\t\t\t\t\t\n\t\t<div class=\"lqd-box-content relative z-1 transition-all flex flex-row-reverse\">\n\n\t\t\t\n\t\t\t<div class=\"lqd-box-content-separate relative\">\n\t\t\t<h4 class=\"items-center relative mb-0 transition-effects lqd-box-title\">Call us:<\/h4><h5 class=\"items-center relative mt-0 mb-0 transition-effects lqd-box-subtitle\">+99410 311 24 64<\/h5>\t\t\t<\/div>\n\t\t\t\t\t<div class=\"lqd-box-content-separate transition-all relative\">\n\t\t\n\t\t<span class=\"lqd-box-icon inline-flex shrink-0 grow-0 basis-auto items-center justify-center relative transition-all\">\t\t<span class=\"lqd-bg-layer lqd-color-wrap lqd-bg-color-wrap block w-full h-full rounded-inherit overflow-hidden elementor-repeater-item-20b8679-8373c78 pointer-events-none lqd-bg-layer-box-icon absolute top-0 start-0 z-0\"><\/span>\n\t\t\t\t\t<span class=\"overflow-hidden transition-opacity opacity-0 lqd-bg-hover-wrap lqd-el-visible-on-hover rounded-inherit lqd-group-box-hover:opacity-100\">\n\t\t\t\t\t\t<span class=\"lqd-bg-layer lqd-color-wrap lqd-bg-color-wrap block w-full h-full rounded-inherit overflow-hidden elementor-repeater-item-7e9b113-8373c78 pointer-events-none lqd-bg-layer-box-icon absolute top-0 start-0 z-0\"><\/span>\n\t\t\t\t\t<\/span>\n\t\t\t<svg class=\"lqd-akar-icon w-1em h-auto lqd-menu-icon\" xmlns=\"http:\/\/www.w3.org\/2000\/svg\" width=\"36\" height=\"36\" viewbox=\"0 0 24 24\" fill=\"none\" stroke=\"currentColor\" stroke-width=\"2\" stroke-linecap=\"round\" stroke-linejoin=\"round\"><path d=\"M10.554 6.24L7.171 2.335c-.39-.45-1.105-.448-1.558.006L2.831 5.128c-.828.829-1.065 2.06-.586 3.047a29.207 29.207 0 0 0 13.561 13.58c.986.479 2.216.242 3.044-.587l2.808-2.813c.455-.455.456-1.174.002-1.564l-3.92-3.365c-.41-.352-1.047-.306-1.458.106l-1.364 1.366a.462.462 0 0 1-.553.088 14.557 14.557 0 0 1-5.36-5.367.463.463 0 0 1 .088-.554l1.36-1.361c.412-.414.457-1.054.101-1.465z\"><\/path><\/svg><\/span>\n\n\t\t\t\t<\/div>\n\t\t\n\t\t<\/div>\n\n\t\t\t\t\t\t<\/div>\n\t\t\t\t<\/div>\n\t\t\t\t<\/div>\n\t\t\t\t<\/div>\n\t\t<div class=\"elementor-element elementor-element-53c4fde3 e-con-full e-flex e-con e-child\" data-id=\"53c4fde3\" data-element_type=\"container\" data-settings=\"{&quot;background_background&quot;:&quot;classic&quot;}\">\n\t\t<div class=\"elementor-element elementor-element-71299767 e-con-full e-flex e-con e-child\" data-id=\"71299767\" data-element_type=\"container\" data-settings=\"{&quot;background_background&quot;:&quot;classic&quot;}\">\n\t\t\t\t<div class=\"elementor-element elementor-element-21045285 lqd-text-tag-h3 elementor-widget__width-inherit elementor-widget elementor-widget-lqd-text\" data-id=\"21045285\" data-element_type=\"widget\" data-widget_type=\"lqd-text.default\">\n\t\t\t\t<div class=\"elementor-widget-container\">\n\t\t\t\t\t<h3 class=\"lqd-text-el m-0 p-0\"><span class=\"lqd-text-item relative elementor-repeater-item-c5fb2bc\">Fireproof products<\/span><\/h3>\t\t\t\t<\/div>\n\t\t\t\t<\/div>\n\t\t\t\t<div class=\"elementor-element elementor-element-6800237 lqd-text-tag-h3 elementor-widget__width-inherit elementor-widget elementor-widget-lqd-text\" data-id=\"6800237\" data-element_type=\"widget\" data-widget_type=\"lqd-text.default\">\n\t\t\t\t<div class=\"elementor-widget-container\">\n\t\t\t\t\t<h3 class=\"lqd-text-el m-0 p-0\"><span class=\"lqd-text-item relative elementor-repeater-item-c5fb2bc\">exclusive sales representative<\/span><\/h3>\t\t\t\t<\/div>\n\t\t\t\t<\/div>\n\t\t\t\t<\/div>\n\t\t<div class=\"elementor-element elementor-element-9d5f17e e-con-full e-flex e-con e-child\" data-id=\"9d5f17e\" data-element_type=\"container\">\n\t\t\t\t<div class=\"elementor-element elementor-element-7133707 elementor-widget elementor-widget-image\" data-id=\"7133707\" data-element_type=\"widget\" data-widget_type=\"image.default\">\n\t\t\t\t<div class=\"elementor-widget-container\">\n\t\t\t\t\t\t\t\t\t\t\t\t\t\t\t<img decoding=\"async\" width=\"423\" height=\"110\" src=\"https:\/\/zenithgroup.az\/wp-content\/uploads\/2025\/01\/logo-4.webp\" class=\"attachment-large size-large wp-image-2360\" alt=\"Logo (4)\" srcset=\"https:\/\/zenithgroup.az\/wp-content\/uploads\/2025\/01\/logo-4.webp 423w, https:\/\/zenithgroup.az\/wp-content\/uploads\/2025\/01\/logo-4-300x78.webp 300w, https:\/\/zenithgroup.az\/wp-content\/uploads\/2025\/01\/logo-4-18x5.webp 18w\" sizes=\"(max-width: 423px) 100vw, 423px\" \/>\t\t\t\t\t\t\t\t\t\t\t\t\t\t\t<\/div>\n\t\t\t\t<\/div>\n\t\t\t\t<div class=\"elementor-element elementor-element-08ed1b4 elementor-widget__width-inherit lqd-box-image-top elementor-widget elementor-widget-lqd-box lqd-widget-container-flex lqd-group-box\" data-id=\"08ed1b4\" data-element_type=\"widget\" data-widget_type=\"lqd-box.default\">\n\t\t\t\t<div class=\"elementor-widget-container\">\n\t\t\t\t\t\n\t\t<div class=\"lqd-box-content relative z-1 transition-all grow\">\n\n\t\t\t\n\t\t\t\t\t<span class=\"lqd-bg-layer lqd-color-wrap lqd-bg-color-wrap block w-full h-full rounded-inherit overflow-hidden elementor-repeater-item-9b33359-08ed1b4 pointer-events-none lqd-bg-layer-box-content absolute top-0 start-0 z-0\"><\/span>\n\t\t<div class=\"overflow-hidden transition-opacity opacity-0 lqd-bg-hover-wrap lqd-el-visible-on-hover rounded-inherit lqd-group-box-hover:opacity-100\">\n\t\t\t\t\t\t<span class=\"lqd-bg-layer lqd-color-wrap lqd-bg-color-wrap block w-full h-full rounded-inherit overflow-hidden elementor-repeater-item-f881d40-08ed1b4 pointer-events-none lqd-bg-layer-box-content absolute top-0 start-0 z-0\"><\/span>\n\t\t\t\t\t<\/div><h3 class=\"items-center relative mb-0 transition-effects lqd-box-title\">Ceramic fiber products<\/h3>\n\t\t<\/div>\n\n\t\t\t\t\t\t<\/div>\n\t\t\t\t<\/div>\n\t\t\t\t<div class=\"elementor-element elementor-element-0e1d6e2 elementor-widget__width-inherit lqd-box-image-top elementor-widget elementor-widget-lqd-box lqd-widget-container-flex lqd-group-box\" data-id=\"0e1d6e2\" data-element_type=\"widget\" data-widget_type=\"lqd-box.default\">\n\t\t\t\t<div class=\"elementor-widget-container\">\n\t\t\t\t\t\n\t\t<div class=\"lqd-box-content relative z-1 transition-all grow\">\n\n\t\t\t\n\t\t\t\t\t<span class=\"lqd-bg-layer lqd-color-wrap lqd-bg-color-wrap block w-full h-full rounded-inherit overflow-hidden elementor-repeater-item-9b33359-0e1d6e2 pointer-events-none lqd-bg-layer-box-content absolute top-0 start-0 z-0\"><\/span>\n\t\t<div class=\"overflow-hidden transition-opacity opacity-0 lqd-bg-hover-wrap lqd-el-visible-on-hover rounded-inherit lqd-group-box-hover:opacity-100\">\n\t\t\t\t\t\t<span class=\"lqd-bg-layer lqd-color-wrap lqd-bg-color-wrap block w-full h-full rounded-inherit overflow-hidden elementor-repeater-item-f881d40-0e1d6e2 pointer-events-none lqd-bg-layer-box-content absolute top-0 start-0 z-0\"><\/span>\n\t\t\t\t\t<\/div><h3 class=\"items-center relative mb-0 transition-effects lqd-box-title\">Fire Protection Products<\/h3>\n\t\t<\/div>\n\n\t\t\t\t\t\t<\/div>\n\t\t\t\t<\/div>\n\t\t\t\t<\/div>\n\t\t<div class=\"elementor-element elementor-element-c2ac094 e-con-full e-flex e-con e-child\" data-id=\"c2ac094\" data-element_type=\"container\">\n\t\t\t\t<\/div>\n\t\t\t\t<\/div>\n\t\t\t\t\t<\/div>\n\t\t\t\t<\/div>\n\t\t\t\t<\/div>","protected":false},"excerpt":{"rendered":"<p>Abraziv m\u0259hsullar\u0131 S\u0259naye kabell\u0259ri S\u0259naye nasoslar\u0131 v\u0259 m\u00fch\u0259rrikl\u0259r Hidravlik sisteml\u0259r S\u0259naye avtomatla\u015fd\u0131rma m\u0259hsullar\u0131 K\u0259sm\u0259 al\u0259tl\u0259ri Qaynaq m\u0259hsullar\u0131 Y\u00fck qald\u0131rma avadanl\u0131qlar\u0131 Odadavaml\u0131 m\u0259hsullar S\u0259naye tipli ehtiyat hiss\u0259l\u0259ri v\u0259 komponentl\u0259ri Biz\u0259 z\u0259ng edin: +99410 311 24 64 ekskl\u00fcziv sat\u0131\u015f n\u00fcmay\u0259nd\u0259si Seramik lif m\u0259hsullar\u0131 Yan\u011f\u0131ndan M\u00fchafiz\u0259 M\u0259hsullar\u0131<\/p>","protected":false},"author":1,"featured_media":2357,"parent":0,"menu_order":0,"comment_status":"closed","ping_status":"closed","template":"","meta":{"slim_seo":{"title":"Odadavaml\u0131 m\u0259hsullar - Zenith Group","description":"Abrasive products Industrial cables Industrial pumps and motors Hydraulic systems Industrial automation products Cutting tools Welding products Load cells"},"footnotes":""},"class_list":["post-2356","page","type-page","status-publish","has-post-thumbnail","hentry"],"_links":{"self":[{"href":"https:\/\/zenithgroup.az\/en\/wp-json\/wp\/v2\/pages\/2356","targetHints":{"allow":["GET"]}}],"collection":[{"href":"https:\/\/zenithgroup.az\/en\/wp-json\/wp\/v2\/pages"}],"about":[{"href":"https:\/\/zenithgroup.az\/en\/wp-json\/wp\/v2\/types\/page"}],"author":[{"embeddable":true,"href":"https:\/\/zenithgroup.az\/en\/wp-json\/wp\/v2\/users\/1"}],"replies":[{"embeddable":true,"href":"https:\/\/zenithgroup.az\/en\/wp-json\/wp\/v2\/comments?post=2356"}],"version-history":[{"count":7,"href":"https:\/\/zenithgroup.az\/en\/wp-json\/wp\/v2\/pages\/2356\/revisions"}],"predecessor-version":[{"id":2404,"href":"https:\/\/zenithgroup.az\/en\/wp-json\/wp\/v2\/pages\/2356\/revisions\/2404"}],"wp:featuredmedia":[{"embeddable":true,"href":"https:\/\/zenithgroup.az\/en\/wp-json\/wp\/v2\/media\/2357"}],"wp:attachment":[{"href":"https:\/\/zenithgroup.az\/en\/wp-json\/wp\/v2\/media?parent=2356"}],"curies":[{"name":"wp","href":"https:\/\/api.w.org\/{rel}","templated":true}]}}