{"id":2714,"date":"2025-09-17T02:31:50","date_gmt":"2025-09-17T02:31:50","guid":{"rendered":"https:\/\/zenithgroup.az\/haqqimizda-copy\/"},"modified":"2025-10-26T20:08:37","modified_gmt":"2025-10-26T20:08:37","slug":"blog","status":"publish","type":"page","link":"https:\/\/zenithgroup.az\/en\/blog\/","title":{"rendered":"Blogs"},"content":{"rendered":"<div data-elementor-type=\"wp-page\" data-elementor-id=\"2714\" class=\"elementor elementor-2714\" data-elementor-post-type=\"page\">\n\t\t\t\t<div data-lqd-color-scheme=\"dark\" class=\"elementor-element elementor-element-ec74d29 e-flex e-con-boxed e-con e-parent\" data-id=\"ec74d29\" data-element_type=\"container\" data-settings=\"{&quot;background_background&quot;:&quot;classic&quot;}\">\n\t\t\t\t\t<div class=\"e-con-inner\">\n\t\t\t\t<div class=\"elementor-element elementor-element-38508d12 lqd-text-tag-h1 elementor-widget elementor-widget-lqd-text\" data-id=\"38508d12\" data-element_type=\"widget\" data-widget_type=\"lqd-text.default\" data-lqd-has-inner-animatables=\"true\">\n\t\t\t\t<div class=\"elementor-widget-container\">\n\t\t\t\t\t<h1 class=\"lqd-text-el m-0 p-0\" data-lqd-split-text-el=\"1\" data-lqd-split-type=\"words\"><span class=\"lqd-text-item relative elementor-repeater-item-f259598 block\"><span class=\"lqd-split-text-words inline-flex bg-inherit relative\" data-lqd-inner-animatable-el>To you<\/span>&nbsp;<span class=\"lqd-split-text-words inline-flex bg-inherit relative\" data-lqd-inner-animatable-el>useful<\/span>&nbsp;<span class=\"lqd-split-text-words inline-flex bg-inherit relative\" data-lqd-inner-animatable-el>blogs<\/span><\/span><\/h1>\t\t\t\t<\/div>\n\t\t\t\t<\/div>\n\t\t<script>\n\t\twindow.liquid.behaviors.push( {\n\t\t\tdataId: \"38508d12\",\n\t\t\tbehaviors:[\n\t\t\t\t{behaviorName:'liquidSplitText',options:{splitDoneFromBackend:true,splitType:'words'}},\n\t\t\t]\n\t\t} );\n\t\t\n\t\t<\/script>\t\t\t<\/div>\n\t\t\t\t<\/div>\n\t\t<div class=\"elementor-element elementor-element-4a81b34 e-flex e-con-boxed e-con e-parent\" data-id=\"4a81b34\" data-element_type=\"container\">\n\t\t\t\t\t<div class=\"e-con-inner\">\n\t\t\t\t<div class=\"elementor-element elementor-element-dd029e4 elementor-grid-3 elementor-grid-tablet-2 elementor-grid-mobile-1 elementor-posts--thumbnail-top elementor-card-shadow-yes elementor-posts__hover-gradient load-more-align-center elementor-widget elementor-widget-posts\" data-id=\"dd029e4\" data-element_type=\"widget\" data-settings=\"{&quot;pagination_type&quot;:&quot;load_more_on_click&quot;,&quot;cards_columns&quot;:&quot;3&quot;,&quot;cards_columns_tablet&quot;:&quot;2&quot;,&quot;cards_columns_mobile&quot;:&quot;1&quot;,&quot;cards_row_gap&quot;:{&quot;unit&quot;:&quot;px&quot;,&quot;size&quot;:35,&quot;sizes&quot;:[]},&quot;cards_row_gap_laptop&quot;:{&quot;unit&quot;:&quot;px&quot;,&quot;size&quot;:&quot;&quot;,&quot;sizes&quot;:[]},&quot;cards_row_gap_tablet_extra&quot;:{&quot;unit&quot;:&quot;px&quot;,&quot;size&quot;:&quot;&quot;,&quot;sizes&quot;:[]},&quot;cards_row_gap_tablet&quot;:{&quot;unit&quot;:&quot;px&quot;,&quot;size&quot;:&quot;&quot;,&quot;sizes&quot;:[]},&quot;cards_row_gap_mobile&quot;:{&quot;unit&quot;:&quot;px&quot;,&quot;size&quot;:&quot;&quot;,&quot;sizes&quot;:[]},&quot;load_more_spinner&quot;:{&quot;value&quot;:&quot;fas fa-spinner&quot;,&quot;library&quot;:&quot;fa-solid&quot;}}\" data-widget_type=\"posts.cards\">\n\t\t\t\t<div class=\"elementor-widget-container\">\n\t\t\t\t\t\t\t<div class=\"elementor-posts-container elementor-posts elementor-posts--skin-cards elementor-grid\">\n\t\t\t\t<article class=\"elementor-post elementor-grid-item post-2752 post type-post status-publish format-standard hentry category-uncategorized\">\n\t\t\t<div class=\"elementor-post__card\">\n\t\t\t\t<div class=\"elementor-post__text\">\n\t\t\t\t<h3 class=\"elementor-post__title\">\n\t\t\t<a href=\"https:\/\/zenithgroup.az\/en\/yuk-qaldirma-avadanliqlarimizin-esas-komponentleri-tehlukesizlik-uygunluq-ve-istismar-qaydalari\/\" >\n\t\t\t\tThe main components of our lifting equipment: safety, compliance and operating rules\t\t\t<\/a>\n\t\t<\/h3>\n\t\t\t\t<div class=\"elementor-post__excerpt\">\n\t\t\t<p>In professional rigging operations, synthetic slings, steel wire ropes, shackles, hooks, thimbles\/splices, rigging hardware, chain attachments and fittings are essential elements for safe lifting. The following<\/p>\n\t\t<\/div>\n\t\t\n\t\t<a class=\"elementor-post__read-more\" href=\"https:\/\/zenithgroup.az\/en\/yuk-qaldirma-avadanliqlarimizin-esas-komponentleri-tehlukesizlik-uygunluq-ve-istismar-qaydalari\/\" aria-label=\"Read more about Y\u00fck qald\u0131rma avadanl\u0131qlar\u0131m\u0131z\u0131n \u0259sas komponentl\u0259ri: t\u0259hl\u00fck\u0259sizlik, uy\u011funluq v\u0259 istismar qaydalar\u0131\" tabindex=\"-1\" >\n\t\t\tRead more \u00bb\t\t<\/a>\n\n\t\t\t\t<\/div>\n\t\t\t\t\t<\/div>\n\t\t<\/article>\n\t\t\t\t<article class=\"elementor-post elementor-grid-item post-2750 post type-post status-publish format-standard hentry category-uncategorized\">\n\t\t\t<div class=\"elementor-post__card\">\n\t\t\t\t<div class=\"elementor-post__text\">\n\t\t\t\t<h3 class=\"elementor-post__title\">\n\t\t\t<a href=\"https:\/\/zenithgroup.az\/en\/qaynaq-mehsullari-duzgun-secim-proses-nezareti-ve-tehlukesizlik-standartlari\/\" >\n\t\t\t\tWelding products: correct selection, process control and safety standards\t\t\t<\/a>\n\t\t<\/h3>\n\t\t\t\t<div class=\"elementor-post__excerpt\">\n\t\t\t<p>What does welding products cover and for whom is it important? Welding products are used in metallurgy, mechanical engineering, steel construction, pipelines, oil and gas, chemistry, shipbuilding, automotive, construction and service workshops<\/p>\n\t\t<\/div>\n\t\t\n\t\t<a class=\"elementor-post__read-more\" href=\"https:\/\/zenithgroup.az\/en\/qaynaq-mehsullari-duzgun-secim-proses-nezareti-ve-tehlukesizlik-standartlari\/\" aria-label=\"Read more about Qaynaq m\u0259hsullar\u0131: d\u00fczg\u00fcn se\u00e7im, proses n\u0259zar\u0259ti v\u0259 t\u0259hl\u00fck\u0259sizlik standartlar\u0131\" tabindex=\"-1\" >\n\t\t\tRead more \u00bb\t\t<\/a>\n\n\t\t\t\t<\/div>\n\t\t\t\t\t<\/div>\n\t\t<\/article>\n\t\t\t\t<article class=\"elementor-post elementor-grid-item post-2746 post type-post status-publish format-standard hentry category-uncategorized\">\n\t\t\t<div class=\"elementor-post__card\">\n\t\t\t\t<div class=\"elementor-post__text\">\n\t\t\t\t<h3 class=\"elementor-post__title\">\n\t\t\t<a href=\"https:\/\/zenithgroup.az\/en\/senaye-nasoslari-ve-muherrikler-duzgun-secimin-meyarlari-inteqrasiya-ve-istismar-strategiyasi\/\" >\n\t\t\t\tIndustrial pumps and motors: criteria for the right choice, integration and operation strategy\t\t\t<\/a>\n\t\t<\/h3>\n\t\t\t\t<div class=\"elementor-post__excerpt\">\n\t\t\t<p>The role of pumps and motors in the Azerbaijani industrial environment Industrial pumps and electric motors are used in oil and gas, water supply and sewage, chemical and petrochemical, food and beverage, metallurgy, HVAC,<\/p>\n\t\t<\/div>\n\t\t\n\t\t<a class=\"elementor-post__read-more\" href=\"https:\/\/zenithgroup.az\/en\/senaye-nasoslari-ve-muherrikler-duzgun-secimin-meyarlari-inteqrasiya-ve-istismar-strategiyasi\/\" aria-label=\"Read more about S\u0259naye nasoslar\u0131 v\u0259 m\u00fch\u0259rrikl\u0259r: d\u00fczg\u00fcn se\u00e7imin meyarlar\u0131, inteqrasiya v\u0259 istismar strategiyas\u0131\" tabindex=\"-1\" >\n\t\t\tRead more \u00bb\t\t<\/a>\n\n\t\t\t\t<\/div>\n\t\t\t\t\t<\/div>\n\t\t<\/article>\n\t\t\t\t<article class=\"elementor-post elementor-grid-item post-2744 post type-post status-publish format-standard hentry category-uncategorized\">\n\t\t\t<div class=\"elementor-post__card\">\n\t\t\t\t<div class=\"elementor-post__text\">\n\t\t\t\t<h3 class=\"elementor-post__title\">\n\t\t\t<a href=\"https:\/\/zenithgroup.az\/en\/laqonda-daslari-senaye-kesimi-ve-seth-emali-ucun-duzgun-secim-tehlukesizlik-ve-xerclerin-optimallasdirilmasi\/\" >\n\t\t\t\tLagonda stones: the right choice, safety and cost optimization for industrial cutting and surface finishing\t\t\t<\/a>\n\t\t<\/h3>\n\t\t\t\t<div class=\"elementor-post__excerpt\">\n\t\t\t<p>What are Lagonda stones and what are they used for? Lagonda stones are cutting discs, grinding stones, flap discs and fibro discs designed for angle grinders.<\/p>\n\t\t<\/div>\n\t\t\n\t\t<a class=\"elementor-post__read-more\" href=\"https:\/\/zenithgroup.az\/en\/laqonda-daslari-senaye-kesimi-ve-seth-emali-ucun-duzgun-secim-tehlukesizlik-ve-xerclerin-optimallasdirilmasi\/\" aria-label=\"Read more about Laqonda da\u015flar\u0131: s\u0259naye k\u0259simi v\u0259 s\u0259th emal\u0131 \u00fc\u00e7\u00fcn d\u00fczg\u00fcn se\u00e7im, t\u0259hl\u00fck\u0259sizlik v\u0259 x\u0259rcl\u0259rin optimalla\u015fd\u0131r\u0131lmas\u0131\" tabindex=\"-1\" >\n\t\t\tRead more \u00bb\t\t<\/a>\n\n\t\t\t\t<\/div>\n\t\t\t\t\t<\/div>\n\t\t<\/article>\n\t\t\t\t<article class=\"elementor-post elementor-grid-item post-2742 post type-post status-publish format-standard hentry category-uncategorized\">\n\t\t\t<div class=\"elementor-post__card\">\n\t\t\t\t<div class=\"elementor-post__text\">\n\t\t\t\t<h3 class=\"elementor-post__title\">\n\t\t\t<a href=\"https:\/\/zenithgroup.az\/en\/abrasive-products-are-the-best-approach-for-industrial-cutting-and-surface-treatment\/\" >\n\t\t\t\tAbrasive products: a professional approach to industrial cutting, grinding and surface finishing\t\t\t<\/a>\n\t\t<\/h3>\n\t\t\t\t<div class=\"elementor-post__excerpt\">\n\t\t\t<p>What are abrasives and what are their uses? Abrasive products are used for cutting, grinding, leveling and polishing metal, stainless steel (inox), aluminum, cast iron, stone, concrete, painted and composite surfaces.<\/p>\n\t\t<\/div>\n\t\t\n\t\t<a class=\"elementor-post__read-more\" href=\"https:\/\/zenithgroup.az\/en\/abrasive-products-are-the-best-approach-for-industrial-cutting-and-surface-treatment\/\" aria-label=\"Read more about Abraziv m\u0259hsullar\u0131: s\u0259naye k\u0259simi, yonulma v\u0259 s\u0259th emal\u0131 \u00fc\u00e7\u00fcn pe\u015f\u0259kar yana\u015fma\" tabindex=\"-1\" >\n\t\t\tRead more \u00bb\t\t<\/a>\n\n\t\t\t\t<\/div>\n\t\t\t\t\t<\/div>\n\t\t<\/article>\n\t\t\t\t<article class=\"elementor-post elementor-grid-item post-2739 post type-post status-publish format-standard hentry category-uncategorized\">\n\t\t\t<div class=\"elementor-post__card\">\n\t\t\t\t<div class=\"elementor-post__text\">\n\t\t\t\t<h3 class=\"elementor-post__title\">\n\t\t\t<a href=\"https:\/\/zenithgroup.az\/en\/senaye-kabelleri-duzgun-secim-tehlukesiz-qurasdirma-ve-uzunmuddetli-istismar\/\" >\n\t\t\t\tIndustrial cables: correct selection, safe installation and long-term operation\t\t\t<\/a>\n\t\t<\/h3>\n\t\t\t\t<div class=\"elementor-post__excerpt\">\n\t\t\t<p>What are industrial cables and why are they critical? Industrial cables are used for power, control and data transmission in production areas, oil and gas and petrochemical facilities, mining and metallurgical enterprises, logistics and warehousing<\/p>\n\t\t<\/div>\n\t\t\n\t\t<a class=\"elementor-post__read-more\" href=\"https:\/\/zenithgroup.az\/en\/senaye-kabelleri-duzgun-secim-tehlukesiz-qurasdirma-ve-uzunmuddetli-istismar\/\" aria-label=\"Read more about S\u0259naye kabell\u0259ri: d\u00fczg\u00fcn se\u00e7im, t\u0259hl\u00fck\u0259siz qura\u015fd\u0131rma v\u0259 uzunm\u00fcdd\u0259tli istismar\" tabindex=\"-1\" >\n\t\t\tRead more \u00bb\t\t<\/a>\n\n\t\t\t\t<\/div>\n\t\t\t\t\t<\/div>\n\t\t<\/article>\n\t\t\t\t<\/div>\n\t\t\t\t\t<span class=\"e-load-more-spinner\">\n\t\t\t\t<svg aria-hidden=\"true\" class=\"e-font-icon-svg e-fas-spinner\" viewbox=\"0 0 512 512\" xmlns=\"http:\/\/www.w3.org\/2000\/svg\"><path d=\"M304 48c0 26.51-21.49 48-48 48s-48-21.49-48-48 21.49-48 48-48 48 21.49 48 48zm-48 368c-26.51 0-48 21.49-48 48s21.49 48 48 48 48-21.49 48-48-21.49-48-48-48zm208-208c-26.51 0-48 21.49-48 48s21.49 48 48 48 48-21.49 48-48-21.49-48-48-48zM96 256c0-26.51-21.49-48-48-48S0 229.49 0 256s21.49 48 48 48 48-21.49 48-48zm12.922 99.078c-26.51 0-48 21.49-48 48s21.49 48 48 48 48-21.49 48-48c0-26.509-21.491-48-48-48zm294.156 0c-26.51 0-48 21.49-48 48s21.49 48 48 48 48-21.49 48-48c0-26.509-21.49-48-48-48zM108.922 60.922c-26.51 0-48 21.49-48 48s21.49 48 48 48 48-21.49 48-48-21.491-48-48-48z\"><\/path><\/svg>\t\t\t<\/span>\n\t\t\n\t\t\t\t<div class=\"e-load-more-anchor\" data-page=\"1\" data-max-page=\"2\" data-next-page=\"https:\/\/zenithgroup.az\/wp-json\/wp\/v2\/pages\/2714\/page\/2\/\"><\/div>\n\t\t\t\t<div class=\"elementor-button-wrapper\">\n\t\t\t<a href=\"#\" class=\"elementor-button-link elementor-button\" role=\"button\">\n\t\t\t\t\t\t<span class=\"elementor-button-content-wrapper\">\n\t\t\t\t\t\t\t\t\t<span class=\"elementor-button-text\">Show more<\/span>\n\t\t\t\t\t<\/span>\n\t\t\t\t\t<\/a>\n\t\t<\/div>\n\t\t\t\t<div class=\"e-load-more-message\"><\/div>\n\t\t\t\t\t\t<\/div>\n\t\t\t\t<\/div>\n\t\t\t\t\t<\/div>\n\t\t\t\t<\/div>\n\t\t\t\t<\/div>","protected":false},"excerpt":{"rendered":"<p>Useful blogs for you<\/p>","protected":false},"author":1,"featured_media":0,"parent":0,"menu_order":0,"comment_status":"closed","ping_status":"closed","template":"","meta":{"slim_seo":{"title":"S\u0259naye kabell\u0259ri: d\u00fczg\u00fcn se\u00e7im, t\u0259hl\u00fck\u0259siz qura\u015fd\u0131rma v\u0259 uzunm\u00fcdd\u0259tli istismar - Zenith Group","description":"S\u0259naye kabell\u0259ri n\u0259dir v\u0259 niy\u0259 kritikdir? S\u0259naye kabell\u0259ri enerji, idar\u0259etm\u0259 v\u0259 m\u0259lumat \u00f6t\u00fcr\u00fclm\u0259si \u00fc\u00e7\u00fcn istehsal sah\u0259l\u0259rind\u0259, neft-qaz v\u0259 petrokimya obyektl\u0259rin"},"footnotes":""},"class_list":["post-2714","page","type-page","status-publish","hentry"],"_links":{"self":[{"href":"https:\/\/zenithgroup.az\/en\/wp-json\/wp\/v2\/pages\/2714","targetHints":{"allow":["GET"]}}],"collection":[{"href":"https:\/\/zenithgroup.az\/en\/wp-json\/wp\/v2\/pages"}],"about":[{"href":"https:\/\/zenithgroup.az\/en\/wp-json\/wp\/v2\/types\/page"}],"author":[{"embeddable":true,"href":"https:\/\/zenithgroup.az\/en\/wp-json\/wp\/v2\/users\/1"}],"replies":[{"embeddable":true,"href":"https:\/\/zenithgroup.az\/en\/wp-json\/wp\/v2\/comments?post=2714"}],"version-history":[{"count":10,"href":"https:\/\/zenithgroup.az\/en\/wp-json\/wp\/v2\/pages\/2714\/revisions"}],"predecessor-version":[{"id":2756,"href":"https:\/\/zenithgroup.az\/en\/wp-json\/wp\/v2\/pages\/2714\/revisions\/2756"}],"wp:attachment":[{"href":"https:\/\/zenithgroup.az\/en\/wp-json\/wp\/v2\/media?parent=2714"}],"curies":[{"name":"wp","href":"https:\/\/api.w.org\/{rel}","templated":true}]}}